{"id":4369,"date":"2015-12-28T18:20:49","date_gmt":"2015-12-28T17:20:49","guid":{"rendered":"http:\/\/blogitc.itc.uji.es\/?page_id=4369"},"modified":"2019-02-28T13:45:40","modified_gmt":"2019-02-28T12:45:40","slug":"terminos-condiciones-uso","status":"publish","type":"page","link":"https:\/\/tendenciashabitat.com\/?page_id=4369","title":{"rendered":"T\u00e9rminos y condiciones de uso"},"content":{"rendered":"<p>De conformidad con lo dispuesto en el Reglamento (UE) 2016\/679 de 27 de abril de 2016 (GDPR) y la Ley Org\u00e1nica 3\/2018, de 5 de diciembre, de Protecci\u00f3n de Datos Personales y garant\u00eda de los derechos digitales, le informamos que los datos aqu\u00ed recogidos ser\u00e1n incorporados a un fichero propiedad del Instituto de Tecnolog\u00eda Cer\u00e1mica \u2013 AICE (en adelante ITC) con C.I.F. G-46271144 y domicilio en Campus Universitario Riu Sec, Avda. Vicent Sos Baynat s\/n 12006 Castell\u00f3n con la finalidad de gesti\u00f3n, administraci\u00f3n, ampliaci\u00f3n, mejora y personalizaci\u00f3n de nuestros servicios, as\u00ed como de proporcionarle informaci\u00f3n comercial que pueda ser de su inter\u00e9s.<\/p>\n<p>Asimismo, cumpliendo con lo establecido en el Art\u00edculo 22 de la Ley 34\/2002, de 11 de Julio, de servicios de la sociedad de la informaci\u00f3n y de comercio electr\u00f3nico (LSSI-CE), ITC tiene la intenci\u00f3n de proporcionarle por correo electr\u00f3nico aquella informaci\u00f3n comercial y publicitaria que usted pueda precisar o ser de su inter\u00e9s. Usted tiene el derecho de revocar gratuitamente y en cualquier momento el consentimiento prestado a la recepci\u00f3n comunicaciones comerciales.<\/p>\n<p>En todo caso, usted podr\u00e1 ejercer sus derechos de acceso, portabilidad, rectificaci\u00f3n, supresi\u00f3n, limitaci\u00f3n y oposici\u00f3n a no ser objeto de una decisi\u00f3n basada \u00fanicamente en el tratamiento automatizado. Podr\u00e1 revocar en cualquier momento el consentimiento prestado. Para ejercer los referidos derechos, deber\u00e1 enviar un correo electr\u00f3nico a\u00a0<a>rgpd@itc.uji.es<\/a>, o dirigirse por correo postal a: Campus Universitario Riu Sec, Avda. de Vicent Sos Baynat, s\/n, 12006 Castell\u00f3n de la Plana, Castell\u00f3n (A\/A. Comit\u00e9 Privacidad), aportando en todo caso copia de su DNI o de documento oficial que le identifique.<\/p>\n<p>Puede solicitar informaci\u00f3n adicional y detallada, sobre protecci\u00f3n de datos solicit\u00e1ndolo a rgpd@itc.uji.es<\/p>\n<!-- AddThis Advanced Settings generic via filter on the_content --><!-- AddThis Share Buttons generic via filter on the_content -->","protected":false},"excerpt":{"rendered":"<p>De conformidad con lo dispuesto en el Reglamento (UE) 2016\/679 de 27 de abril de 2016 (GDPR) y la Ley Org\u00e1nica 3\/2018, de 5 de diciembre, de Protecci\u00f3n de Datos Personales y garant\u00eda de los derechos digitales, le informamos que los datos aqu\u00ed recogidos ser\u00e1n incorporados&#46;&#46;&#46;<!-- AddThis Advanced Settings generic via filter on get_the_excerpt --><!-- AddThis Share Buttons generic via filter on get_the_excerpt --><\/p>\n","protected":false},"author":7,"featured_media":0,"parent":0,"menu_order":0,"comment_status":"closed","ping_status":"closed","template":"","meta":{"_mi_skip_tracking":false,"_links_to":"","_links_to_target":""},"_links":{"self":[{"href":"https:\/\/tendenciashabitat.com\/index.php?rest_route=\/wp\/v2\/pages\/4369"}],"collection":[{"href":"https:\/\/tendenciashabitat.com\/index.php?rest_route=\/wp\/v2\/pages"}],"about":[{"href":"https:\/\/tendenciashabitat.com\/index.php?rest_route=\/wp\/v2\/types\/page"}],"author":[{"embeddable":true,"href":"https:\/\/tendenciashabitat.com\/index.php?rest_route=\/wp\/v2\/users\/7"}],"replies":[{"embeddable":true,"href":"https:\/\/tendenciashabitat.com\/index.php?rest_route=%2Fwp%2Fv2%2Fcomments&post=4369"}],"version-history":[{"count":4,"href":"https:\/\/tendenciashabitat.com\/index.php?rest_route=\/wp\/v2\/pages\/4369\/revisions"}],"predecessor-version":[{"id":5310,"href":"https:\/\/tendenciashabitat.com\/index.php?rest_route=\/wp\/v2\/pages\/4369\/revisions\/5310"}],"wp:attachment":[{"href":"https:\/\/tendenciashabitat.com\/index.php?rest_route=%2Fwp%2Fv2%2Fmedia&parent=4369"}],"curies":[{"name":"wp","href":"https:\/\/api.w.org\/{rel}","templated":true}]}}