{"id":6032,"date":"2020-05-25T11:56:39","date_gmt":"2020-05-25T09:56:39","guid":{"rendered":"https:\/\/tendenciashabitat.com\/?page_id=6032"},"modified":"2020-05-26T10:13:21","modified_gmt":"2020-05-26T08:13:21","slug":"el-observatorio","status":"publish","type":"page","link":"https:\/\/tendenciashabitat.com\/?page_id=6032","title":{"rendered":"Sobre OTH"},"content":{"rendered":"\n<div class=\"wp-block-group alignwide\"><div class=\"wp-block-group__inner-container\">\n<div class=\"wp-block-columns\">\n<div class=\"wp-block-column is-vertically-aligned-center\">\n<h2>Nosotros<\/h2>\n\n\n\n<p>El Observatorio de Tendencias del H\u00e1bitat nace en 2005, de la necesidad que tienen las empresas del sector del H\u00e1bitat de mejorar en competitividad a trav\u00e9s del conocimiento y la gesti\u00f3n de la informaci\u00f3n.<\/p>\n\n\n\n<p>OTH es un proyecto llevado a cabo por los Institutos Tecnol\u00f3gicos <strong><a href=\"https:\/\/www.itc.uji.es\/\">ITC<\/a><\/strong>,<strong> <a href=\"https:\/\/www.aitex.es\/\">AITEX<\/a> <\/strong>y <strong><a href=\"https:\/\/www.aidimme.es\/\">AIDIMME<\/a><\/strong> con el apoyo de Generalitat Valenciana. Este car\u00e1cter multisectorial parte de la consideraci\u00f3n del h\u00e1bitat como un concepto integral donde cada objeto est\u00e1 vinculado con su entorno. Por esta raz\u00f3n, la participaci\u00f3n de los tres institutos posibilita abarcar todas las \u00e1reas del h\u00e1bitat (cer\u00e1mica, textil, mueble, arquitectura e interiorismo).<\/p>\n<\/div>\n\n\n\n<div class=\"wp-block-column\">\n<figure class=\"wp-block-image size-large\"><img loading=\"lazy\" width=\"1024\" height=\"588\" src=\"https:\/\/tendenciashabitat.com\/wp-content\/uploads\/sites\/5\/2020\/05\/Esquema_OTH-1-1024x588.jpg\" alt=\"\" class=\"wp-image-6268\" srcset=\"https:\/\/tendenciashabitat.com\/wp-content\/uploads\/sites\/5\/2020\/05\/Esquema_OTH-1-1024x588.jpg 1024w, https:\/\/tendenciashabitat.com\/wp-content\/uploads\/sites\/5\/2020\/05\/Esquema_OTH-1-300x172.jpg 300w, https:\/\/tendenciashabitat.com\/wp-content\/uploads\/sites\/5\/2020\/05\/Esquema_OTH-1-768x441.jpg 768w, https:\/\/tendenciashabitat.com\/wp-content\/uploads\/sites\/5\/2020\/05\/Esquema_OTH-1.jpg 1125w\" sizes=\"(max-width: 1024px) 100vw, 1024px\" \/><\/figure>\n<\/div>\n<\/div>\n\n\n\n<div class=\"wp-block-columns\">\n<div class=\"wp-block-column\">\n<figure class=\"wp-block-image size-large\"><img loading=\"lazy\" width=\"1024\" height=\"655\" src=\"https:\/\/tendenciashabitat.com\/wp-content\/uploads\/sites\/5\/2020\/05\/Investigaci\u00f3n-scaled-e1590394628465-1024x655.jpg\" alt=\"\" class=\"wp-image-6262\" \/><\/figure>\n<\/div>\n\n\n\n<div class=\"wp-block-column is-vertically-aligned-center\">\n<h2> \u00bfC\u00f3mo lo hacemos? <\/h2>\n\n\n\n<p>Nos acercamos al h\u00e1bitat desde un enfoque multidisciplinar, por ello, nuestro <a href=\"https:\/\/tendenciashabitat.com\/?page_id=6176\"><strong>equipo<\/strong><\/a> interno de investigaci\u00f3n est\u00e1 formado por expertos en dise\u00f1o, mercado, comunicaci\u00f3n y arquitectura. Realizamos un gran esfuerzo de investigaci\u00f3n y desarrollo de uso interno con la finalidad de mantener nuestros medios siempre actualizados y nos permite desarrollar nuevas  herramientas y m\u00e9todos para atender a las empresas del h\u00e1bitat.  <\/p>\n<\/div>\n<\/div>\n\n\n\n<div class=\"wp-block-columns\">\n<div class=\"wp-block-column is-vertically-aligned-center\">\n<h2>\u00bfC\u00f3mo podemos ayudarte?<\/h2>\n\n\n\n<p>Desde el Observatorio venimos desarrollando diversas investigaciones sobre c\u00f3mo evoluciona el h\u00e1bitat y hacia d\u00f3nde se dirige, nuestro objetivo es, por un lado, dotar a las empresas y profesionales de herramientas para la innovaci\u00f3n y, por otro, el desarrollo de estrategias y producto de valor a\u00f1adido. Consideramos que los factores socioculturales influyen en el h\u00e1bitat y en la comunicaci\u00f3n en los mercados, por lo tanto, estudiarlo posibilita ofrecer valor a\u00f1adido centrado en el consumidor. <\/p>\n\n\n\n<p>Ofrecemos <strong><a href=\"https:\/\/tendenciashabitat.com\/?page_id=2940\">servicios<\/a><\/strong> a medida, que quiz\u00e1s te puedan interesar.<\/p>\n<\/div>\n\n\n\n<div class=\"wp-block-column\">\n<figure class=\"wp-block-image size-large\"><img loading=\"lazy\" width=\"1024\" height=\"676\" src=\"https:\/\/tendenciashabitat.com\/wp-content\/uploads\/sites\/5\/2020\/05\/Trabajo_en_curso-scaled-e1590395467398-1024x676.jpg\" alt=\"\" class=\"wp-image-6264\" \/><\/figure>\n<\/div>\n<\/div>\n<\/div><\/div>\n<!-- AddThis Advanced Settings generic via filter on the_content --><!-- AddThis Share Buttons generic via filter on the_content -->","protected":false},"excerpt":{"rendered":"<p><!-- AddThis Advanced Settings generic via filter on get_the_excerpt --><!-- AddThis Share Buttons generic via filter on get_the_excerpt --><\/p>\n","protected":false},"author":32,"featured_media":0,"parent":0,"menu_order":0,"comment_status":"closed","ping_status":"closed","template":"","meta":{"_mi_skip_tracking":false,"_links_to":"","_links_to_target":""},"_links":{"self":[{"href":"https:\/\/tendenciashabitat.com\/index.php?rest_route=\/wp\/v2\/pages\/6032"}],"collection":[{"href":"https:\/\/tendenciashabitat.com\/index.php?rest_route=\/wp\/v2\/pages"}],"about":[{"href":"https:\/\/tendenciashabitat.com\/index.php?rest_route=\/wp\/v2\/types\/page"}],"author":[{"embeddable":true,"href":"https:\/\/tendenciashabitat.com\/index.php?rest_route=\/wp\/v2\/users\/32"}],"replies":[{"embeddable":true,"href":"https:\/\/tendenciashabitat.com\/index.php?rest_route=%2Fwp%2Fv2%2Fcomments&post=6032"}],"version-history":[{"count":34,"href":"https:\/\/tendenciashabitat.com\/index.php?rest_route=\/wp\/v2\/pages\/6032\/revisions"}],"predecessor-version":[{"id":6320,"href":"https:\/\/tendenciashabitat.com\/index.php?rest_route=\/wp\/v2\/pages\/6032\/revisions\/6320"}],"wp:attachment":[{"href":"https:\/\/tendenciashabitat.com\/index.php?rest_route=%2Fwp%2Fv2%2Fmedia&parent=6032"}],"curies":[{"name":"wp","href":"https:\/\/api.w.org\/{rel}","templated":true}]}}