{"id":6176,"date":"2020-05-15T12:45:08","date_gmt":"2020-05-15T10:45:08","guid":{"rendered":"https:\/\/tendenciashabitat.com\/?page_id=6176"},"modified":"2021-04-19T09:15:32","modified_gmt":"2021-04-19T07:15:32","slug":"equipo-2","status":"publish","type":"page","link":"https:\/\/tendenciashabitat.com\/?page_id=6176","title":{"rendered":"Equipo"},"content":{"rendered":"\n<p>El equipo de trabajo del observatorio, cuenta con profesionales del dise\u00f1o, la comunicaci\u00f3n y la investigaci\u00f3n de mercados y econ\u00f3mica muy estrechamente relacionados con el sector de textil, mueble y superficies cer\u00e1micas. Su car\u00e1cter multidisciplinar, permite ofrecer una visi\u00f3n amplia y realista del estado de la oferta del h\u00e1bitat y de su evoluci\u00f3n.<\/p>\n\n\n\n<div style=\"height:20px\" aria-hidden=\"true\" class=\"wp-block-spacer\"><\/div>\n\n\n\n<div class=\"wp-block-columns\">\n<div class=\"wp-block-column\">\n<figure class=\"wp-block-image size-large is-resized\"><a href=\"https:\/\/www.linkedin.com\/in\/carmenjoveraitex\/\" target=\"_blank\" rel=\"noreferrer noopener\"><img loading=\"lazy\" src=\"http:\/\/www.tendenciashabitat.es\/wp-content\/uploads\/sites\/5\/2020\/05\/Carmen_Jover_web.jpg\" alt=\"\" class=\"wp-image-6086\" width=\"300\" height=\"300\" srcset=\"https:\/\/tendenciashabitat.com\/wp-content\/uploads\/sites\/5\/2020\/05\/Carmen_Jover_web.jpg 400w, https:\/\/tendenciashabitat.com\/wp-content\/uploads\/sites\/5\/2020\/05\/Carmen_Jover_web-300x300.jpg 300w, https:\/\/tendenciashabitat.com\/wp-content\/uploads\/sites\/5\/2020\/05\/Carmen_Jover_web-150x150.jpg 150w, https:\/\/tendenciashabitat.com\/wp-content\/uploads\/sites\/5\/2020\/05\/Carmen_Jover_web-80x80.jpg 80w, https:\/\/tendenciashabitat.com\/wp-content\/uploads\/sites\/5\/2020\/05\/Carmen_Jover_web-320x320.jpg 320w\" sizes=\"(max-width: 300px) 100vw, 300px\" \/><\/a><\/figure>\n\n\n\n<p><strong><a rel=\"noreferrer noopener\" aria-label=\" (se abre en una nueva pesta\u00f1a)\" href=\"https:\/\/www.linkedin.com\/in\/carmenjoveraitex\/\" target=\"_blank\">Carmen Jover-AITEX<\/a><\/strong> <br>Responsable del GI Dise\u00f1o y Moda y del Dpto. de Formaci\u00f3n.<\/p>\n<\/div>\n\n\n\n<div class=\"wp-block-column\">\n<figure class=\"wp-block-image size-large is-resized\"><a href=\"https:\/\/www.linkedin.com\/in\/vicente-sales-viv%C3%B3-83968043\/\" target=\"_blank\" rel=\"noreferrer noopener\"><img loading=\"lazy\" src=\"http:\/\/www.tendenciashabitat.es\/wp-content\/uploads\/sites\/5\/2020\/05\/Vicente_Sales_web.jpg\" alt=\"\" class=\"wp-image-6085\" width=\"300\" height=\"300\" srcset=\"https:\/\/tendenciashabitat.com\/wp-content\/uploads\/sites\/5\/2020\/05\/Vicente_Sales_web.jpg 400w, https:\/\/tendenciashabitat.com\/wp-content\/uploads\/sites\/5\/2020\/05\/Vicente_Sales_web-300x300.jpg 300w, https:\/\/tendenciashabitat.com\/wp-content\/uploads\/sites\/5\/2020\/05\/Vicente_Sales_web-150x150.jpg 150w, https:\/\/tendenciashabitat.com\/wp-content\/uploads\/sites\/5\/2020\/05\/Vicente_Sales_web-80x80.jpg 80w, https:\/\/tendenciashabitat.com\/wp-content\/uploads\/sites\/5\/2020\/05\/Vicente_Sales_web-320x320.jpg 320w\" sizes=\"(max-width: 300px) 100vw, 300px\" \/><\/a><\/figure>\n\n\n\n<p><a rel=\"noreferrer noopener\" aria-label=\"Vicente Sales  (se abre en una nueva pesta\u00f1a)\" href=\"https:\/\/www.linkedin.com\/in\/vicente-sales-viv%C3%B3-83968043\/\" target=\"_blank\"><strong>Vicente Sales-AIDIMME<\/strong> <\/a><br>Responsable de An\u00e1lisis de Mercados y Estrategia<\/p>\n<\/div>\n\n\n\n<div class=\"wp-block-column\">\n<figure class=\"wp-block-image size-large is-resized\"><a href=\"https:\/\/www.linkedin.com\/in\/lutz%C3%ADaortiz\/\" target=\"_blank\" rel=\"noreferrer noopener\"><img loading=\"lazy\" src=\"http:\/\/www.tendenciashabitat.es\/wp-content\/uploads\/sites\/5\/2020\/05\/lutzia_ortiz.jpg\" alt=\"\" class=\"wp-image-6024\" width=\"300\" height=\"300\" srcset=\"https:\/\/tendenciashabitat.com\/wp-content\/uploads\/sites\/5\/2020\/05\/lutzia_ortiz.jpg 300w, https:\/\/tendenciashabitat.com\/wp-content\/uploads\/sites\/5\/2020\/05\/lutzia_ortiz-150x150.jpg 150w, https:\/\/tendenciashabitat.com\/wp-content\/uploads\/sites\/5\/2020\/05\/lutzia_ortiz-80x80.jpg 80w\" sizes=\"(max-width: 300px) 100vw, 300px\" \/><\/a><\/figure>\n\n\n\n<p><strong><a rel=\"noreferrer noopener\" href=\"https:\/\/www.linkedin.com\/in\/lutz%C3%ADaortiz\/\" target=\"_blank\">Lutz\u00eda Ortiz-ITC<\/a><\/strong><br>Responsable OTH y Unidad de Dise\u00f1o de Producto.<\/p>\n<\/div>\n<\/div>\n\n\n\n<div class=\"wp-block-columns\">\n<div class=\"wp-block-column\">\n<figure class=\"wp-block-image size-large is-resized\"><a href=\"https:\/\/www.linkedin.com\/in\/lutz%C3%ADaortiz\/\" target=\"_blank\" rel=\"noreferrer noopener\"><img loading=\"lazy\" src=\"http:\/\/www.tendenciashabitat.es\/wp-content\/uploads\/sites\/5\/2020\/05\/Paqui_Orihuel_web.jpg\" alt=\"\" class=\"wp-image-6088\" width=\"300\" height=\"300\" srcset=\"https:\/\/tendenciashabitat.com\/wp-content\/uploads\/sites\/5\/2020\/05\/Paqui_Orihuel_web.jpg 400w, https:\/\/tendenciashabitat.com\/wp-content\/uploads\/sites\/5\/2020\/05\/Paqui_Orihuel_web-300x300.jpg 300w, https:\/\/tendenciashabitat.com\/wp-content\/uploads\/sites\/5\/2020\/05\/Paqui_Orihuel_web-150x150.jpg 150w, https:\/\/tendenciashabitat.com\/wp-content\/uploads\/sites\/5\/2020\/05\/Paqui_Orihuel_web-80x80.jpg 80w, https:\/\/tendenciashabitat.com\/wp-content\/uploads\/sites\/5\/2020\/05\/Paqui_Orihuel_web-320x320.jpg 320w\" sizes=\"(max-width: 300px) 100vw, 300px\" \/><\/a><\/figure>\n\n\n\n<p><strong><a rel=\"noreferrer noopener\" href=\"https:\/\/www.linkedin.com\/in\/lutz%C3%ADaortiz\/\" target=\"_blank\">Francisca Orihuel-AITEX<\/a><\/strong><a rel=\"noreferrer noopener\" aria-label=\" (se abre en una nueva pesta\u00f1a)\" href=\"https:\/\/www.linkedin.com\/in\/paqui-orihuel-a1770426\/\" target=\"_blank\"><strong> <\/strong><\/a><br>Dise\u00f1adora de textil y moda. Desarrollo de colecciones.<\/p>\n<\/div>\n\n\n\n<div class=\"wp-block-column\">\n<figure class=\"wp-block-image size-large is-resized\"><a href=\"https:\/\/www.linkedin.com\/in\/cristinarevertcarreres\/\" target=\"_blank\" rel=\"noreferrer noopener\"><img loading=\"lazy\" src=\"http:\/\/www.tendenciashabitat.es\/wp-content\/uploads\/sites\/5\/2020\/05\/Cristina_Revert_2web.jpg\" alt=\"\" class=\"wp-image-6061\" width=\"300\" height=\"300\" srcset=\"https:\/\/tendenciashabitat.com\/wp-content\/uploads\/sites\/5\/2020\/05\/Cristina_Revert_2web.jpg 400w, https:\/\/tendenciashabitat.com\/wp-content\/uploads\/sites\/5\/2020\/05\/Cristina_Revert_2web-300x300.jpg 300w, https:\/\/tendenciashabitat.com\/wp-content\/uploads\/sites\/5\/2020\/05\/Cristina_Revert_2web-150x150.jpg 150w, https:\/\/tendenciashabitat.com\/wp-content\/uploads\/sites\/5\/2020\/05\/Cristina_Revert_2web-80x80.jpg 80w, https:\/\/tendenciashabitat.com\/wp-content\/uploads\/sites\/5\/2020\/05\/Cristina_Revert_2web-320x320.jpg 320w\" sizes=\"(max-width: 300px) 100vw, 300px\" \/><\/a><\/figure>\n\n\n\n<p><strong><a href=\"https:\/\/www.linkedin.com\/in\/cristinarevertcarreres\/\">Cristina Revert-AIDIMME <\/a><\/strong><br>An\u00e1lisis de mercados y estrategia.<\/p>\n<\/div>\n\n\n\n<div class=\"wp-block-column\">\n<figure class=\"wp-block-image size-large is-resized\"><a href=\"https:\/\/www.linkedin.com\/in\/ana-benavente-1305a14a\/\" target=\"_blank\" rel=\"noreferrer noopener\"><img loading=\"lazy\" src=\"http:\/\/www.tendenciashabitat.es\/wp-content\/uploads\/sites\/5\/2020\/05\/ana_benavente2.jpg\" alt=\"\" class=\"wp-image-6184\" width=\"300\" height=\"300\" srcset=\"https:\/\/tendenciashabitat.com\/wp-content\/uploads\/sites\/5\/2020\/05\/ana_benavente2.jpg 400w, https:\/\/tendenciashabitat.com\/wp-content\/uploads\/sites\/5\/2020\/05\/ana_benavente2-300x300.jpg 300w, https:\/\/tendenciashabitat.com\/wp-content\/uploads\/sites\/5\/2020\/05\/ana_benavente2-150x150.jpg 150w, https:\/\/tendenciashabitat.com\/wp-content\/uploads\/sites\/5\/2020\/05\/ana_benavente2-80x80.jpg 80w, https:\/\/tendenciashabitat.com\/wp-content\/uploads\/sites\/5\/2020\/05\/ana_benavente2-320x320.jpg 320w\" sizes=\"(max-width: 300px) 100vw, 300px\" \/><\/a><\/figure>\n\n\n\n<p><strong><a rel=\"noreferrer noopener\" aria-label=\"Ana Benavente-ITC (se abre en una nueva pesta\u00f1a)\" href=\"https:\/\/www.linkedin.com\/in\/ana-benavente-1305a14a\/\" target=\"_blank\">Ana Benavente-ITC<\/a><\/strong><br>Analista OTH y&nbsp;Dise\u00f1adora de Producto. <\/p>\n<\/div>\n<\/div>\n\n\n\n<div class=\"wp-block-columns\">\n<div class=\"wp-block-column\">\n<figure class=\"wp-block-image size-large is-resized\"><a href=\"https:\/\/www.linkedin.com\/in\/malensegarra\/\" target=\"_blank\" rel=\"noreferrer noopener\"><img loading=\"lazy\" src=\"http:\/\/www.tendenciashabitat.es\/wp-content\/uploads\/sites\/5\/2020\/05\/Malen_Segarra_web.jpg\" alt=\"\" class=\"wp-image-6091\" width=\"300\" height=\"300\" srcset=\"https:\/\/tendenciashabitat.com\/wp-content\/uploads\/sites\/5\/2020\/05\/Malen_Segarra_web.jpg 400w, https:\/\/tendenciashabitat.com\/wp-content\/uploads\/sites\/5\/2020\/05\/Malen_Segarra_web-300x300.jpg 300w, https:\/\/tendenciashabitat.com\/wp-content\/uploads\/sites\/5\/2020\/05\/Malen_Segarra_web-150x150.jpg 150w, https:\/\/tendenciashabitat.com\/wp-content\/uploads\/sites\/5\/2020\/05\/Malen_Segarra_web-80x80.jpg 80w, https:\/\/tendenciashabitat.com\/wp-content\/uploads\/sites\/5\/2020\/05\/Malen_Segarra_web-320x320.jpg 320w\" sizes=\"(max-width: 300px) 100vw, 300px\" \/><\/a><\/figure>\n\n\n\n<p><a href=\"https:\/\/www.linkedin.com\/in\/malensegarra\/\" target=\"_blank\" rel=\"noreferrer noopener\" aria-label=\" (se abre en una nueva pesta\u00f1a)\"><strong>Mal\u00e9n Segarra-AITEX<\/strong><\/a><br>Dise\u00f1adora de textil y moda. Desarrollo de colecciones. <\/p>\n<\/div>\n\n\n\n<div class=\"wp-block-column\">\n<figure class=\"wp-block-image size-large is-resized\"><a href=\"https:\/\/www.linkedin.com\/in\/rafael-porcar-guerrero-10875725\/\" target=\"_blank\" rel=\"noreferrer noopener\"><img loading=\"lazy\" src=\"http:\/\/www.tendenciashabitat.es\/wp-content\/uploads\/sites\/5\/2020\/05\/Rafa_Porcar_web.jpg\" alt=\"\" class=\"wp-image-6059\" width=\"300\" height=\"300\" srcset=\"https:\/\/tendenciashabitat.com\/wp-content\/uploads\/sites\/5\/2020\/05\/Rafa_Porcar_web.jpg 400w, https:\/\/tendenciashabitat.com\/wp-content\/uploads\/sites\/5\/2020\/05\/Rafa_Porcar_web-300x300.jpg 300w, https:\/\/tendenciashabitat.com\/wp-content\/uploads\/sites\/5\/2020\/05\/Rafa_Porcar_web-150x150.jpg 150w, https:\/\/tendenciashabitat.com\/wp-content\/uploads\/sites\/5\/2020\/05\/Rafa_Porcar_web-80x80.jpg 80w, https:\/\/tendenciashabitat.com\/wp-content\/uploads\/sites\/5\/2020\/05\/Rafa_Porcar_web-320x320.jpg 320w\" sizes=\"(max-width: 300px) 100vw, 300px\" \/><\/a><\/figure>\n\n\n\n<p><a href=\"https:\/\/www.linkedin.com\/in\/rafael-porcar-guerrero-10875725\/\"><strong>Rafael Porcar-AIDIMME<\/strong><\/a><br>An\u00e1lisis de mercados y estrategia.<\/p>\n<\/div>\n\n\n\n<div class=\"wp-block-column\"><\/div>\n<\/div>\n\n\n\n<div style=\"height:20px\" aria-hidden=\"true\" class=\"wp-block-spacer\"><\/div>\n\n\n\n<h2>Equipo colaborador<\/h2>\n\n\n\n<div style=\"height:20px\" aria-hidden=\"true\" class=\"wp-block-spacer\"><\/div>\n\n\n\n<div class=\"wp-block-columns\">\n<div class=\"wp-block-column\">\n<figure class=\"wp-block-image size-large is-resized\"><a href=\"https:\/\/www.linkedin.com\/in\/vicente-l%C3%A1zaro-magdalena\/\" target=\"_blank\" rel=\"noreferrer noopener\"><img loading=\"lazy\" src=\"http:\/\/www.tendenciashabitat.es\/wp-content\/uploads\/sites\/5\/2020\/05\/vicente_lazaro.jpg\" alt=\"\" class=\"wp-image-6188\" width=\"300\" height=\"300\" srcset=\"https:\/\/tendenciashabitat.com\/wp-content\/uploads\/sites\/5\/2020\/05\/vicente_lazaro.jpg 400w, https:\/\/tendenciashabitat.com\/wp-content\/uploads\/sites\/5\/2020\/05\/vicente_lazaro-300x300.jpg 300w, https:\/\/tendenciashabitat.com\/wp-content\/uploads\/sites\/5\/2020\/05\/vicente_lazaro-150x150.jpg 150w, https:\/\/tendenciashabitat.com\/wp-content\/uploads\/sites\/5\/2020\/05\/vicente_lazaro-80x80.jpg 80w, https:\/\/tendenciashabitat.com\/wp-content\/uploads\/sites\/5\/2020\/05\/vicente_lazaro-320x320.jpg 320w\" sizes=\"(max-width: 300px) 100vw, 300px\" \/><\/a><\/figure>\n\n\n\n<p><strong><a rel=\"noreferrer noopener\" aria-label=\"Vicente L\u00e1zaro-ITC (se abre en una nueva pesta\u00f1a)\" href=\"https:\/\/www.linkedin.com\/in\/vicente-l%C3%A1zaro-magdalena\/\" target=\"_blank\">Vicente L\u00e1zaro-ITC<\/a><\/strong><br> Responsable de la Unidad de Inteligencia Competitiva.<\/p>\n<\/div>\n\n\n\n<div class=\"wp-block-column\">\n<figure class=\"wp-block-image size-large is-resized\"><a href=\"https:\/\/www.linkedin.com\/in\/sabrinaveral\/\" target=\"_blank\" rel=\"noreferrer noopener\"><img loading=\"lazy\" src=\"https:\/\/tendenciashabitat.com\/wp-content\/uploads\/sites\/5\/2020\/05\/laura.jpg\" alt=\"\" class=\"wp-image-6190\" width=\"300\" height=\"300\" srcset=\"https:\/\/tendenciashabitat.com\/wp-content\/uploads\/sites\/5\/2020\/05\/laura.jpg 400w, https:\/\/tendenciashabitat.com\/wp-content\/uploads\/sites\/5\/2020\/05\/laura-300x300.jpg 300w, https:\/\/tendenciashabitat.com\/wp-content\/uploads\/sites\/5\/2020\/05\/laura-150x150.jpg 150w, https:\/\/tendenciashabitat.com\/wp-content\/uploads\/sites\/5\/2020\/05\/laura-80x80.jpg 80w, https:\/\/tendenciashabitat.com\/wp-content\/uploads\/sites\/5\/2020\/05\/laura-320x320.jpg 320w\" sizes=\"(max-width: 300px) 100vw, 300px\" \/><\/a><\/figure>\n\n\n\n<p><strong>Laura Vilalta-ITC<\/strong><br>Arquitecta \u00c1rea H\u00e1bitat.<\/p>\n<\/div>\n\n\n\n<div class=\"wp-block-column\">\n<figure class=\"wp-block-image size-large is-resized\"><a href=\"https:\/\/www.linkedin.com\/in\/jorge-corrales-05252933\/\" target=\"_blank\" rel=\"noreferrer noopener\"><img loading=\"lazy\" src=\"http:\/\/www.tendenciashabitat.es\/wp-content\/uploads\/sites\/5\/2020\/05\/jorge.jpg\" alt=\"\" class=\"wp-image-6187\" width=\"300\" height=\"300\" srcset=\"https:\/\/tendenciashabitat.com\/wp-content\/uploads\/sites\/5\/2020\/05\/jorge.jpg 400w, https:\/\/tendenciashabitat.com\/wp-content\/uploads\/sites\/5\/2020\/05\/jorge-300x300.jpg 300w, https:\/\/tendenciashabitat.com\/wp-content\/uploads\/sites\/5\/2020\/05\/jorge-150x150.jpg 150w, https:\/\/tendenciashabitat.com\/wp-content\/uploads\/sites\/5\/2020\/05\/jorge-80x80.jpg 80w, https:\/\/tendenciashabitat.com\/wp-content\/uploads\/sites\/5\/2020\/05\/jorge-320x320.jpg 320w\" sizes=\"(max-width: 300px) 100vw, 300px\" \/><\/a><\/figure>\n\n\n\n<p><strong><a rel=\"noreferrer noopener\" aria-label=\" (se abre en una nueva pesta\u00f1a)\" href=\"https:\/\/www.linkedin.com\/in\/jorge-corrales-05252933\/\" target=\"_blank\">Jorge Corrales-ITC<\/a><\/strong><br>Arquitecto \u00c1rea H\u00e1bitat.<\/p>\n<\/div>\n<\/div>\n\n\n\n<div class=\"wp-block-columns\">\n<div class=\"wp-block-column\"><\/div>\n\n\n\n<div class=\"wp-block-column\"><\/div>\n\n\n\n<div class=\"wp-block-column\"><\/div>\n<\/div>\n\n\n\n<p><\/p>\n<!-- AddThis Advanced Settings generic via filter on the_content --><!-- AddThis Share Buttons generic via filter on the_content -->","protected":false},"excerpt":{"rendered":"<p>El equipo de trabajo del observatorio, cuenta con profesionales del dise\u00f1o, la comunicaci\u00f3n y la investigaci\u00f3n de mercados y econ\u00f3mica muy estrechamente relacionados con el sector de textil, mueble y superficies cer\u00e1micas. Su car\u00e1cter multidisciplinar, permite ofrecer una visi\u00f3n amplia y realista del estado de la&#46;&#46;&#46;<!-- AddThis Advanced Settings generic via filter on get_the_excerpt --><!-- AddThis Share Buttons generic via filter on get_the_excerpt --><\/p>\n","protected":false},"author":93,"featured_media":0,"parent":0,"menu_order":0,"comment_status":"closed","ping_status":"closed","template":"","meta":{"_mi_skip_tracking":false,"_links_to":"","_links_to_target":""},"_links":{"self":[{"href":"https:\/\/tendenciashabitat.com\/index.php?rest_route=\/wp\/v2\/pages\/6176"}],"collection":[{"href":"https:\/\/tendenciashabitat.com\/index.php?rest_route=\/wp\/v2\/pages"}],"about":[{"href":"https:\/\/tendenciashabitat.com\/index.php?rest_route=\/wp\/v2\/types\/page"}],"author":[{"embeddable":true,"href":"https:\/\/tendenciashabitat.com\/index.php?rest_route=\/wp\/v2\/users\/93"}],"replies":[{"embeddable":true,"href":"https:\/\/tendenciashabitat.com\/index.php?rest_route=%2Fwp%2Fv2%2Fcomments&post=6176"}],"version-history":[{"count":14,"href":"https:\/\/tendenciashabitat.com\/index.php?rest_route=\/wp\/v2\/pages\/6176\/revisions"}],"predecessor-version":[{"id":6683,"href":"https:\/\/tendenciashabitat.com\/index.php?rest_route=\/wp\/v2\/pages\/6176\/revisions\/6683"}],"wp:attachment":[{"href":"https:\/\/tendenciashabitat.com\/index.php?rest_route=%2Fwp%2Fv2%2Fmedia&parent=6176"}],"curies":[{"name":"wp","href":"https:\/\/api.w.org\/{rel}","templated":true}]}}