{"id":6289,"date":"2020-06-04T15:32:32","date_gmt":"2020-06-04T13:32:32","guid":{"rendered":"https:\/\/tendenciashabitat.com\/?page_id=6289"},"modified":"2020-06-04T15:32:33","modified_gmt":"2020-06-04T13:32:33","slug":"servicio-oth","status":"publish","type":"page","link":"https:\/\/tendenciashabitat.com\/?page_id=6289","title":{"rendered":"Servicios OTH"},"content":{"rendered":"\n<p>Dentro de todas las posibilidades de servicio que podemos ofrecer (que son casi infinitas) proponemos 3 lineas basadas en <strong>investigaci\u00f3n, conocimiento y acci\u00f3n<\/strong>. Creamos estrategias de producto basadas en tendencias, os ayudamos a la hora de transmitirlas y pasamos a la acci\u00f3n. Elige y combina seg\u00fan la necesidad, y <strong>si no encuentras lo que necesitas creamos el servicio a tu medida.<\/strong><\/p>\n\n\n\n<div class=\"wp-block-columns alignwide\">\n<div class=\"wp-block-column\">\n<h2>1. Estrategia de producto<\/h2>\n\n\n\n<figure class=\"wp-block-image size-large\"><img loading=\"lazy\" width=\"1024\" height=\"336\" src=\"https:\/\/tendenciashabitat.com\/wp-content\/uploads\/sites\/5\/2020\/05\/SERVICIO-2-1024x336.png\" alt=\"\" class=\"wp-image-6306\" srcset=\"https:\/\/tendenciashabitat.com\/wp-content\/uploads\/sites\/5\/2020\/05\/SERVICIO-2-1024x336.png 1024w, https:\/\/tendenciashabitat.com\/wp-content\/uploads\/sites\/5\/2020\/05\/SERVICIO-2-300x98.png 300w, https:\/\/tendenciashabitat.com\/wp-content\/uploads\/sites\/5\/2020\/05\/SERVICIO-2-768x252.png 768w, https:\/\/tendenciashabitat.com\/wp-content\/uploads\/sites\/5\/2020\/05\/SERVICIO-2-1536x504.png 1536w, https:\/\/tendenciashabitat.com\/wp-content\/uploads\/sites\/5\/2020\/05\/SERVICIO-2.png 1855w\" sizes=\"(max-width: 1024px) 100vw, 1024px\" \/><\/figure>\n\n\n\n<p><em>Servicio dise\u00f1ado especialmente para Product Manager.<\/em><\/p>\n\n\n\n<p><strong>Amplia tu perspectiva y adelantate a los cambios. <\/strong><\/p>\n\n\n\n<p>La parte m\u00e1s cr\u00edtica de una estrategia de producto, es lograr que est\u00e9 <strong>preparada para el futuro, alineada con las tendencias externas y preparado para las amenazas y las oportunidades. <\/strong><\/p>\n\n\n\n<p>Los servicios de estrategia de producto, los hemos creado <strong>pensando especialmente en el Product Manager.<\/strong><\/p>\n\n\n\n<h4>1.1 Sistema de vigilancia<\/h4>\n\n\n\n<p>Generamos un sistema de <strong>observaci\u00f3n y aplicaci\u00f3n de tendencias<\/strong> adaptado a las \u00e1reas de inter\u00e9s de tu empresa. El objetivo es que recibas <strong>informaci\u00f3n actualizada<\/strong> y filtrada, lista para aplicar a tu empresa o departamento.  <\/p>\n\n\n\n<h4>1.2 Informe de Tendencias a medida.<\/h4>\n\n\n\n<p>Con este servicio de informes a medida, te ofrecemos <strong>investigaci\u00f3n y an\u00e1lisis<\/strong> para dotar a la empresa de herramientas para el desarrollo de <strong>estrategias y producto de valor a\u00f1adido<\/strong>.  <\/p>\n\n\n\n<h4>1.3 An\u00e1lisis de colecciones<\/h4>\n\n\n\n<p><strong>Cruzamos la informaci\u00f3n de tendencias con tu gama de producto<\/strong>. De esta forma podemos ver si existe coherencia entre la oferta de la empresa en relaci\u00f3n a su estrategia y a los consumidores a los que se dirige. <\/p>\n<\/div>\n\n\n\n<div class=\"wp-block-column\">\n<h2>2. Puesta a punto<\/h2>\n\n\n\n<figure class=\"wp-block-image size-large\"><img loading=\"lazy\" width=\"1024\" height=\"336\" src=\"https:\/\/tendenciashabitat.com\/wp-content\/uploads\/sites\/5\/2020\/05\/SERVICIO-3-1024x336.png\" alt=\"\" class=\"wp-image-6307\" srcset=\"https:\/\/tendenciashabitat.com\/wp-content\/uploads\/sites\/5\/2020\/05\/SERVICIO-3-1024x336.png 1024w, https:\/\/tendenciashabitat.com\/wp-content\/uploads\/sites\/5\/2020\/05\/SERVICIO-3-300x98.png 300w, https:\/\/tendenciashabitat.com\/wp-content\/uploads\/sites\/5\/2020\/05\/SERVICIO-3-768x252.png 768w, https:\/\/tendenciashabitat.com\/wp-content\/uploads\/sites\/5\/2020\/05\/SERVICIO-3-1536x504.png 1536w, https:\/\/tendenciashabitat.com\/wp-content\/uploads\/sites\/5\/2020\/05\/SERVICIO-3.png 1855w\" sizes=\"(max-width: 1024px) 100vw, 1024px\" \/><\/figure>\n\n\n\n<p><em>Dirigido a departamentos comerciales<\/em> <em>y escuelas.<\/em><\/p>\n\n\n\n<p>Lo m\u00e1s importante es comprender que todas <strong>las tendencias no sirven para todos por igual<\/strong> y que no tiene sentido trasladarlas a la realidad  sin <strong>adaptarlas y modificarlas<\/strong> en funci\u00f3n de la las necesidades de la empresa y sus clientes.&nbsp;Adem\u00e1s de hacerlo por ti, te lo contamos.<\/p>\n\n\n\n<h4>2.1 Talks de activaci\u00f3n<\/h4>\n\n\n\n<p>Organizamos y asesoramos en la puesta en marcha de <strong>eventos relacionados con las tendencias<\/strong> para el h\u00e1bitat en convenciones, muestras, ferias y design weeks. <\/p>\n\n\n\n<p>Los<strong> talks de activaci\u00f3n<\/strong> son una mezcla de conferencias, talleres y mesas redondas para activar y conocer m\u00e1s sobre tendencias del h\u00e1bitat. Nos dirigimos <strong>especialmente a departamentos comerciales<\/strong> con la finalidad de <strong>ampliar su discurso de cara una venta.<\/strong><\/p>\n\n\n\n<p>Trends talk de diferentes tem\u00e1ticas:&nbsp;<\/p>\n\n\n\n<ol><li>Tendencias del h\u00e1bitat en dise\u00f1o <\/li><li>Tendencias del h\u00e1bitat en dise\u00f1o y su relaci\u00f3n con el entorno sociocultural y el mercado  <\/li><li>Tendencias en publicidad y mercado <\/li><li> Storytelling:<strong> <\/strong>comunicar a trav\u00e9s de la relaci\u00f3n con el usuario  <\/li><li>Trends talk a medida.<\/li><\/ol>\n<\/div>\n\n\n\n<div class=\"wp-block-column\">\n<h2>3. Acci\u00f3n<\/h2>\n\n\n\n<figure class=\"wp-block-image size-large\"><img loading=\"lazy\" width=\"1024\" height=\"336\" src=\"https:\/\/tendenciashabitat.com\/wp-content\/uploads\/sites\/5\/2020\/05\/SERVICIO-4-1024x336.png\" alt=\"\" class=\"wp-image-6308\" srcset=\"https:\/\/tendenciashabitat.com\/wp-content\/uploads\/sites\/5\/2020\/05\/SERVICIO-4-1024x336.png 1024w, https:\/\/tendenciashabitat.com\/wp-content\/uploads\/sites\/5\/2020\/05\/SERVICIO-4-300x98.png 300w, https:\/\/tendenciashabitat.com\/wp-content\/uploads\/sites\/5\/2020\/05\/SERVICIO-4-768x252.png 768w, https:\/\/tendenciashabitat.com\/wp-content\/uploads\/sites\/5\/2020\/05\/SERVICIO-4-1536x504.png 1536w, https:\/\/tendenciashabitat.com\/wp-content\/uploads\/sites\/5\/2020\/05\/SERVICIO-4.png 1855w\" sizes=\"(max-width: 1024px) 100vw, 1024px\" \/><\/figure>\n\n\n\n<p><em>Energ\u00eda para empresas, escuelas y estudiantes. <\/em><\/p>\n\n\n\n<p><strong>Un workshop no es un arte, es parar, escuchar y comenzar a actuar. <\/strong>Tenemos <strong>el m\u00e9todo<\/strong>, el contenido y el ambiente <strong>para poneros en acci\u00f3n<\/strong> y generar ideas de producto y mercado basadas en las tendencias del h\u00e1bitat<\/p>\n\n\n\n<h4>3.1 Workshop creativos<\/h4>\n\n\n\n<p><strong>Workshop Trend Training<\/strong>: el objetivo es generar ideas de producto y mercado basadas en las tendencias del h\u00e1bitat.<\/p>\n\n\n\n<h4>3.2 Workshops metodol\u00f3gicos<\/h4>\n\n\n\n<p><strong>Workshop Coolhunting: <\/strong>t\u00e9cnicas y aprendizaje que te ense\u00f1ar\u00e1n a detectar tendencias a trav\u00e9s de m\u00e9todos te\u00f3ricos y pr\u00e1cticos. <\/p>\n\n\n\n<p><strong>Workshop An\u00e1lisis y aplicaci\u00f3n de tendencias: <\/strong>metodolog\u00edas de investigaci\u00f3n de tendencias para introducir la gesti\u00f3n del conocimiento en los diferentes procesos de la empresa. <\/p>\n\n\n\n<h4>3.3 Formaci\u00f3n Ad-hoc<\/h4>\n\n\n\n<p>Creamos <strong>cursos a medida<\/strong> para cada necesidad. Adaptamos nuestro conocimiento en dise\u00f1o y tendencias a las necesidades concretas de cada empresa. <strong>-Design Thinking<\/strong> <strong>-Coolhunting adaptado<\/strong> <strong>-Product Manager<\/strong>.<\/p>\n<\/div>\n<\/div>\n\n\n\n<div class=\"wp-block-columns alignwide\">\n<div class=\"wp-block-column\"><\/div>\n\n\n\n<div class=\"wp-block-column\">\n<figure class=\"wp-block-image size-large\"><a href=\"https:\/\/tendenciashabitat.com\/?page_id=2969\"><img loading=\"lazy\" width=\"717\" height=\"187\" src=\"https:\/\/tendenciashabitat.com\/wp-content\/uploads\/sites\/5\/2020\/05\/mas_info.jpg\" alt=\"\" class=\"wp-image-6334\" srcset=\"https:\/\/tendenciashabitat.com\/wp-content\/uploads\/sites\/5\/2020\/05\/mas_info.jpg 717w, https:\/\/tendenciashabitat.com\/wp-content\/uploads\/sites\/5\/2020\/05\/mas_info-300x78.jpg 300w\" sizes=\"(max-width: 717px) 100vw, 717px\" \/><\/a><\/figure>\n<\/div>\n\n\n\n<div class=\"wp-block-column\"><\/div>\n<\/div>\n<!-- AddThis Advanced Settings generic via filter on the_content --><!-- AddThis Share Buttons generic via filter on the_content -->","protected":false},"excerpt":{"rendered":"<p>Dentro de todas las posibilidades de servicio que podemos ofrecer (que son casi infinitas) proponemos 3 lineas basadas en investigaci\u00f3n, conocimiento y acci\u00f3n. Creamos estrategias de producto basadas en tendencias, os ayudamos a la hora de transmitirlas y pasamos a la acci\u00f3n. Elige y combina seg\u00fan&#46;&#46;&#46;<!-- AddThis Advanced Settings generic via filter on get_the_excerpt --><!-- AddThis Share Buttons generic via filter on get_the_excerpt --><\/p>\n","protected":false},"author":93,"featured_media":0,"parent":0,"menu_order":0,"comment_status":"closed","ping_status":"closed","template":"","meta":{"_mi_skip_tracking":false,"_links_to":"","_links_to_target":""},"_links":{"self":[{"href":"https:\/\/tendenciashabitat.com\/index.php?rest_route=\/wp\/v2\/pages\/6289"}],"collection":[{"href":"https:\/\/tendenciashabitat.com\/index.php?rest_route=\/wp\/v2\/pages"}],"about":[{"href":"https:\/\/tendenciashabitat.com\/index.php?rest_route=\/wp\/v2\/types\/page"}],"author":[{"embeddable":true,"href":"https:\/\/tendenciashabitat.com\/index.php?rest_route=\/wp\/v2\/users\/93"}],"replies":[{"embeddable":true,"href":"https:\/\/tendenciashabitat.com\/index.php?rest_route=%2Fwp%2Fv2%2Fcomments&post=6289"}],"version-history":[{"count":48,"href":"https:\/\/tendenciashabitat.com\/index.php?rest_route=\/wp\/v2\/pages\/6289\/revisions"}],"predecessor-version":[{"id":6398,"href":"https:\/\/tendenciashabitat.com\/index.php?rest_route=\/wp\/v2\/pages\/6289\/revisions\/6398"}],"wp:attachment":[{"href":"https:\/\/tendenciashabitat.com\/index.php?rest_route=%2Fwp%2Fv2%2Fmedia&parent=6289"}],"curies":[{"name":"wp","href":"https:\/\/api.w.org\/{rel}","templated":true}]}}